{"id":11008,"date":"2024-01-23T09:20:52","date_gmt":"2024-01-23T09:20:52","guid":{"rendered":"https:\/\/demo.desert-passions.com\/?page_id=11008"},"modified":"2024-03-11T21:39:22","modified_gmt":"2024-03-11T21:39:22","slug":"create-your-circuit","status":"publish","type":"page","link":"https:\/\/desert-passions.com\/en\/creer-votre-circuits\/","title":{"rendered":"Create your routes\u00a0"},"content":{"rendered":"\t\t<div data-elementor-type=\"wp-page\" data-elementor-id=\"11008\" class=\"elementor elementor-11008\" data-elementor-post-type=\"page\">\n\t\t\t\t<div class=\"elementor-element elementor-element-3939d280 e-flex e-con-boxed e-con e-parent\" data-id=\"3939d280\" data-element_type=\"container\" data-e-type=\"container\">\n\t\t\t\t\t<div class=\"e-con-inner\">\n\t\t<div class=\"elementor-element elementor-element-22caa44 e-flex e-con-boxed e-con e-child\" data-id=\"22caa44\" data-element_type=\"container\" data-e-type=\"container\">\n\t\t\t\t\t<div class=\"e-con-inner\">\n\t\t\t\t<div class=\"elementor-element elementor-element-772089b elementor-widget elementor-widget-text-editor\" data-id=\"772089b\" data-element_type=\"widget\" data-e-type=\"widget\" data-widget_type=\"text-editor.default\">\n\t\t\t\t<div class=\"elementor-widget-container\">\n\t\t\t\t\t\t\t\t\t<p>D\u00e9crivez le circuit que vous souhaitez r\u00e9aliser et nous essaierons de vous apporter une proposition adapt\u00e9e au prix le plus juste, en fonction du mode de d\u00e9placement (4\u00d74, dromadaires etc\u2026), du mode d\u2019h\u00e9bergement (h\u00f4tel, chambres d\u2019h\u00f4tes, bivouac etc\u2026) et du th\u00e8me choisi (les villes, les villages, les palmeraies, la montagne, le d\u00e9sert etc\u2026).<\/p>\t\t\t\t\t\t\t\t<\/div>\n\t\t\t\t<\/div>\n\t\t\t\t\t<\/div>\n\t\t\t\t<\/div>\n\t\t\t\t<div class=\"elementor-element elementor-element-482297f1 elementor-widget elementor-widget-text-editor\" data-id=\"482297f1\" data-element_type=\"widget\" data-e-type=\"widget\" data-widget_type=\"text-editor.default\">\n\t\t\t\t<div class=\"elementor-widget-container\">\n\t\t\t\t\t\t\t\t\t<div class=\"wpcf7 no-js\" id=\"wpcf7-f11380-o1\" lang=\"en-US\" dir=\"ltr\" data-wpcf7-id=\"11380\">\n<div class=\"screen-reader-response\">\n<p role=\"status\" aria-live=\"polite\" aria-atomic=\"true\">\n<ul><\/ul>\n<\/div>\n<form action=\"\/en\/wp-json\/wp\/v2\/pages\/11008#wpcf7-f11380-o1\" method=\"post\" class=\"wpcf7-form init\" aria-label=\"Contact form\" novalidate=\"novalidate\" data-status=\"init\">\n<fieldset class=\"hidden-fields-container\"><input type=\"hidden\" name=\"_wpcf7\" value=\"11380\" \/><input type=\"hidden\" name=\"_wpcf7_version\" value=\"6.1.5\" \/><input type=\"hidden\" name=\"_wpcf7_locale\" value=\"en_US\" \/><input type=\"hidden\" name=\"_wpcf7_unit_tag\" value=\"wpcf7-f11380-o1\" \/><input type=\"hidden\" name=\"_wpcf7_container_post\" value=\"0\" \/><input type=\"hidden\" name=\"_wpcf7_posted_data_hash\" value=\"\" \/><input type=\"hidden\" name=\"_wpcf7_recaptcha_response\" value=\"\" \/><br \/>\n<\/fieldset>\n<style>\n\t\t\t\t\t.uacf7-uacf7style-11380 label {\n\t\t\t\t\t\tfont-style: normal;font-weight: normal;\t\t\t\t\t}<\/p>\n<p>\t\t\t\t\t.uacf7-uacf7style-11380 input[type=\"email\"],\n\t\t\t\t\t.uacf7-uacf7style-11380 input[type=\"number\"],\n\t\t\t\t\t.uacf7-uacf7style-11380 input[type=\"password\"],\n\t\t\t\t\t.uacf7-uacf7style-11380 input[type=\"search\"],\n\t\t\t\t\t.uacf7-uacf7style-11380 input[type=\"tel\"],\n\t\t\t\t\t.uacf7-uacf7style-11380 input[type=\"text\"],\n\t\t\t\t\t.uacf7-uacf7style-11380 input[type=\"url\"],\n\t\t\t\t\t.uacf7-uacf7style-11380 input[type=\"date\"],\n\t\t\t\t\t.uacf7-uacf7style-11380 input[type=\"radio\"],\n\t\t\t\t\t.uacf7-uacf7style-11380 input[type=\"checkbox\"],\n\t\t\t\t\t.uacf7-uacf7style-11380 select,\n\t\t\t\t\t.uacf7-uacf7style-11380 textarea {\n\t\t\t\t\t\tfont-style: normal;font-weight: normal;border-style: solid!important;\t\t\t\t\t}<\/p>\n<p>\t\t\t\t\t.uacf7-uacf7style-11380 .wpcf7-radio span,\n\t\t\t\t\t.uacf7-uacf7style-11380 .wpcf7-checkbox span {\n\t\t\t\t\t\tfont-style: normal;font-weight: normal;\t\t\t\t\t}<\/p>\n<p>\t\t\t\t\t.uacf7-uacf7style-11380 textarea {\n\t\t\t\t\t\t\t\t\t\t\t}<\/p>\n<p>\t\t\t\t\t.wpcf7-form-control-wrap select {\n\t\t\t\t\t\twidth: 100%;\n\t\t\t\t\t}<\/p>\n<p>\t\t\t\t\t.uacf7-uacf7style-11380 input[type=\"submit\"] {\n\t\t\t\t\t\tfont-style: normal;font-weight: normal;border-style: none;\t\t\t\t\t}<\/p>\n<p>\t\t\t\t\t.uacf7-uacf7style-11380 input[type=\"submit\"]:hover {\n\t\t\t\t\t\t\t\t\t\t\t}<\/p>\n<\/style>\n<div class=\"uacf7-uacf7style uacf7-uacf7style-11380\">\n<div class=\"uacf7-form-wrapper-container uacf7-form-11380  uacf7-uacf7style uacf7-uacf7style-11380\">\n<h3>Donn\u00e9es personnelles<\/h3>\n<p><\/p>\n<div class=\"uacf7-row\">\n<div class=\"uacf7-col-6\"> <label>Nom &#038; Pr\u00e9nom <span>*<\/span><\/label> <span class=\"wpcf7-form-control-wrap\" data-name=\"nom\"><input size=\"40\" maxlength=\"400\" class=\"wpcf7-form-control wpcf7-text wpcf7-validates-as-required form-control\" aria-required=\"true\" aria-invalid=\"false\" value=\"\" type=\"text\" name=\"nom\" \/><\/span> <\/div>\n<div class=\"uacf7-col-6\"> <label>Boite E-mail <span>*<\/span><\/label> <span class=\"wpcf7-form-control-wrap\" data-name=\"email\"><input size=\"40\" maxlength=\"400\" class=\"wpcf7-form-control wpcf7-email wpcf7-validates-as-required wpcf7-text wpcf7-validates-as-email form-control\" aria-required=\"true\" aria-invalid=\"false\" value=\"\" type=\"email\" name=\"email\" \/><\/span> <\/div>\n<\/div>\n<p><\/p>\n<div class=\"uacf7-row\">\n<div class=\"uacf7-col-6\"> <label>T\u00e9l\u00e9phone <span>*<\/span><\/label><span class=\"wpcf7-form-control-wrap\" data-name=\"tel\"><input size=\"40\" class=\"wpcf7-form-control wpcf7-phonetext wpcf7-text wpcf7-validates-as-phonetext form-control\" aria-invalid=\"false\" value=\"\" type=\"text\" name=\"tel\" \/><input type=\"hidden\" name=\"tel-country-code\" class=\"wpcf7-phonetext-country-code\" \/><\/span> <\/div>\n<div class=\"uacf7-col-6\"> <label>Pays <span>*<\/span><\/label> <span class=\"wpcf7-form-control-wrap\" data-name=\"country\"><input size=\"40\" class=\"wpcf7-form-control wpcf7-countrytext wpcf7-text wpcf7-validates-as-countrytext\" aria-invalid=\"false\" value=\"\" type=\"text\" name=\"country\" \/><\/span> <\/div>\n<\/div>\n<p><\/p>\n<h3>Donn\u00e9es de r\u00e9servation<\/h3>\n<p><\/p>\n<div class=\"uacf7-row\">\n<div class=\"uacf7-col-6\"><label>Dur\u00e9e du Circuit (Jour) <span>*<\/span><\/label> <span class=\"wpcf7-form-control-wrap\" data-name=\"Duree-appr\"><input class=\"wpcf7-form-control wpcf7-number wpcf7-validates-as-required wpcf7-validates-as-number form-control\" min=\"1\" max=\"99\" aria-required=\"true\" aria-invalid=\"false\" value=\"1\" type=\"number\" name=\"Duree-appr\" \/><\/span> <\/div>\n<div class=\"uacf7-col-6\"> <label>Date de Circuit <span>*<\/span><\/label> <span class=\"wpcf7-form-control-wrap\" data-name=\"date\"><input class=\"wpcf7-form-control wpcf7-date wpcf7-validates-as-date form-control\" id=\"datepicker\" aria-invalid=\"false\" placeholder=\"\" value=\"\" type=\"date\" name=\"date\" \/><\/span> <\/div>\n<\/div>\n<p><\/p>\n<div class=\"uacf7-row\">\n<div class=\"uacf7-col-6\"><label>Adultes <span>*<\/span><\/label> <span class=\"wpcf7-form-control-wrap\" data-name=\"adulte\"><input class=\"wpcf7-form-control wpcf7-number wpcf7-validates-as-required wpcf7-validates-as-number form-control\" min=\"0\" max=\"99\" aria-required=\"true\" aria-invalid=\"false\" value=\"0\" type=\"number\" name=\"adulte\" \/><\/span> <\/div>\n<div class=\"uacf7-col-6\"> <label>Enfants<\/label> <span class=\"wpcf7-form-control-wrap\" data-name=\"enfant\"><input class=\"wpcf7-form-control wpcf7-number wpcf7-validates-as-required wpcf7-validates-as-number form-control\" min=\"0\" max=\"99\" aria-required=\"true\" aria-invalid=\"false\" value=\"0\" type=\"number\" name=\"enfant\" \/><\/span> <\/div>\n<\/div>\n<p><\/p>\n<div class=\"uacf7-row\">\n<div class=\"uacf7-col-12\"> <label>Plus d&rsquo;info<\/label> <span class=\"wpcf7-form-control-wrap\" data-name=\"msg\"><textarea cols=\"10\" rows=\"4\" maxlength=\"2000\" class=\"wpcf7-form-control wpcf7-textarea form-control\" aria-invalid=\"false\" name=\"msg\"><\/textarea><\/span> <\/div>\n<div class=\"uacf7-col-12\"><input class=\"wpcf7-form-control wpcf7-submit has-spinner btn btn-warning pull-right\" type=\"submit\" value=\"Envoyer\" \/><\/div>\n<\/div>\n<p>\t\t<span class=\"wpcf7-form-control-wrap titer\"\n\t\t\tdata-name=\"titer\"><\/p>\n<p>\t\t\t<input id=\"uacf7_titer\" class=\"wpcf7-form-control wpcf7-uacf7_dynamic_text\" aria-invalid=\"false\" name=\"titer\" size=\"40\" type=\"hidden\" value=\"Cr\u00e9er Votre Circuits\u00a0\"><br \/>\n\t\t\t<span><\/span><br \/>\n\t\t<\/span><\/p>\n<p><\/div>\n<\/div>\n<div class=\"wpcf7-response-output\" aria-hidden=\"true\"><\/div>\n<\/form>\n<\/div>\n\t\t\t\t\t\t\t\t<\/div>\n\t\t\t\t<\/div>\n\t\t\t\t\t<\/div>\n\t\t\t\t<\/div>\n\t\t\t\t<\/div>\n\t\t","protected":false},"excerpt":{"rendered":"<p>Describe the tour you would like to do and we will try to provide you with a suitable proposal at the fairest price, depending on the mode of travel (4\u00d74, dromedaries etc...), the type of accommodation (hotel, guest house, bivouac etc...) and the chosen theme (towns, villages, palm groves, mountains, desert etc...).<\/p>","protected":false},"author":3,"featured_media":0,"parent":0,"menu_order":0,"comment_status":"closed","ping_status":"closed","template":"","meta":{"_acf_changed":false,"inline_featured_image":false,"footnotes":""},"class_list":["post-11008","page","type-page","status-publish","hentry"],"acf":[],"_links":{"self":[{"href":"https:\/\/desert-passions.com\/en\/wp-json\/wp\/v2\/pages\/11008","targetHints":{"allow":["GET"]}}],"collection":[{"href":"https:\/\/desert-passions.com\/en\/wp-json\/wp\/v2\/pages"}],"about":[{"href":"https:\/\/desert-passions.com\/en\/wp-json\/wp\/v2\/types\/page"}],"author":[{"embeddable":true,"href":"https:\/\/desert-passions.com\/en\/wp-json\/wp\/v2\/users\/3"}],"replies":[{"embeddable":true,"href":"https:\/\/desert-passions.com\/en\/wp-json\/wp\/v2\/comments?post=11008"}],"version-history":[{"count":5,"href":"https:\/\/desert-passions.com\/en\/wp-json\/wp\/v2\/pages\/11008\/revisions"}],"predecessor-version":[{"id":11390,"href":"https:\/\/desert-passions.com\/en\/wp-json\/wp\/v2\/pages\/11008\/revisions\/11390"}],"wp:attachment":[{"href":"https:\/\/desert-passions.com\/en\/wp-json\/wp\/v2\/media?parent=11008"}],"curies":[{"name":"wp","href":"https:\/\/api.w.org\/{rel}","templated":true}]}}